{"id":6244,"date":"2024-10-08T08:53:37","date_gmt":"2024-10-08T11:53:37","guid":{"rendered":"https:\/\/www.antaresacoplamentos.com.br\/espanol\/?page_id=6244"},"modified":"2024-10-08T08:55:32","modified_gmt":"2024-10-08T11:55:32","slug":"catalogo-de-productos","status":"publish","type":"page","link":"https:\/\/www.antaresacoplamentos.com.br\/espanol\/catalogo-de-productos\/","title":{"rendered":"Cat\u00e1logo de Productos"},"content":{"rendered":"<div role=\"main\" id=\"catalogo-de-produtos-antares-espanhol-b6a1b0028c6b668a130c\"><\/div>\n<p><script type=\"text\/javascript\" src=\"https:\/\/d335luupugsy2.cloudfront.net\/js\/rdstation-forms\/stable\/rdstation-forms.min.js\"><\/script><script type=\"text\/javascript\"> new RDStationForms('catalogo-de-produtos-antares-espanhol-b6a1b0028c6b668a130c', 'UA-99794913-1').createForm();<\/script><\/p>\n","protected":false},"excerpt":{"rendered":"","protected":false},"author":23,"featured_media":0,"parent":0,"menu_order":0,"comment_status":"closed","ping_status":"closed","template":"","meta":{"footnotes":""},"class_list":["post-6244","page","type-page","status-publish","hentry"],"yoast_head":"<!-- This site is optimized with the Yoast SEO plugin v26.8 - https:\/\/yoast.com\/product\/yoast-seo-wordpress\/ -->\n<title>Cat\u00e1logo de Productos - Antares Acoplamientos<\/title>\n<meta name=\"description\" content=\"Descarga el cat\u00e1logo de productos de Antares Acoplamentos. Completa tus datos para descargar toda la informaci\u00f3n sobre nuestros acoplamientos.\" \/>\n<meta name=\"robots\" content=\"noindex, follow, max-snippet:-1, max-image-preview:large, max-video-preview:-1\" \/>\n<meta property=\"og:locale\" content=\"es_ES\" \/>\n<meta property=\"og:type\" content=\"article\" \/>\n<meta property=\"og:title\" content=\"Cat\u00e1logo de Productos - Antares Acoplamientos\" \/>\n<meta property=\"og:description\" content=\"Descarga el cat\u00e1logo de productos de Antares Acoplamentos. Completa tus datos para descargar toda la informaci\u00f3n sobre nuestros acoplamientos.\" \/>\n<meta property=\"og:url\" content=\"https:\/\/www.antaresacoplamentos.com.br\/espanol\/catalogo-de-productos\/\" \/>\n<meta property=\"og:site_name\" content=\"Antares Acoplamientos\" \/>\n<meta property=\"article:modified_time\" content=\"2024-10-08T11:55:32+00:00\" \/>\n<meta name=\"twitter:card\" content=\"summary_large_image\" \/>\n<script type=\"application\/ld+json\" class=\"yoast-schema-graph\">{\"@context\":\"https:\/\/schema.org\",\"@graph\":[{\"@type\":\"WebPage\",\"@id\":\"https:\/\/www.antaresacoplamentos.com.br\/espanol\/catalogo-de-productos\/\",\"url\":\"https:\/\/www.antaresacoplamentos.com.br\/espanol\/catalogo-de-productos\/\",\"name\":\"Cat\u00e1logo de Productos - Antares Acoplamientos\",\"isPartOf\":{\"@id\":\"https:\/\/www.antaresacoplamentos.com.br\/espanol\/#website\"},\"datePublished\":\"2024-10-08T11:53:37+00:00\",\"dateModified\":\"2024-10-08T11:55:32+00:00\",\"description\":\"Descarga el cat\u00e1logo de productos de Antares Acoplamentos. Completa tus datos para descargar toda la informaci\u00f3n sobre nuestros acoplamientos.\",\"breadcrumb\":{\"@id\":\"https:\/\/www.antaresacoplamentos.com.br\/espanol\/catalogo-de-productos\/#breadcrumb\"},\"inLanguage\":\"es\",\"potentialAction\":[{\"@type\":\"ReadAction\",\"target\":[\"https:\/\/www.antaresacoplamentos.com.br\/espanol\/catalogo-de-productos\/\"]}]},{\"@type\":\"BreadcrumbList\",\"@id\":\"https:\/\/www.antaresacoplamentos.com.br\/espanol\/catalogo-de-productos\/#breadcrumb\",\"itemListElement\":[{\"@type\":\"ListItem\",\"position\":1,\"name\":\"In\u00edcio\",\"item\":\"https:\/\/www.antaresacoplamentos.com.br\/espanol\/\"},{\"@type\":\"ListItem\",\"position\":2,\"name\":\"Cat\u00e1logo de Productos\"}]},{\"@type\":\"WebSite\",\"@id\":\"https:\/\/www.antaresacoplamentos.com.br\/espanol\/#website\",\"url\":\"https:\/\/www.antaresacoplamentos.com.br\/espanol\/\",\"name\":\"Antares Acoplamientos\",\"description\":\"\",\"publisher\":{\"@id\":\"https:\/\/www.antaresacoplamentos.com.br\/espanol\/#organization\"},\"potentialAction\":[{\"@type\":\"SearchAction\",\"target\":{\"@type\":\"EntryPoint\",\"urlTemplate\":\"https:\/\/www.antaresacoplamentos.com.br\/espanol\/?s={search_term_string}\"},\"query-input\":{\"@type\":\"PropertyValueSpecification\",\"valueRequired\":true,\"valueName\":\"search_term_string\"}}],\"inLanguage\":\"es\"},{\"@type\":\"Organization\",\"@id\":\"https:\/\/www.antaresacoplamentos.com.br\/espanol\/#organization\",\"name\":\"Antares Acoplamientos\",\"url\":\"https:\/\/www.antaresacoplamentos.com.br\/espanol\/\",\"logo\":{\"@type\":\"ImageObject\",\"inLanguage\":\"es\",\"@id\":\"https:\/\/www.antaresacoplamentos.com.br\/espanol\/#\/schema\/logo\/image\/\",\"url\":\"https:\/\/www.antaresacoplamentos.com.br\/espanol\/wp-content\/uploads\/sites\/4\/2021\/11\/logo-1.png\",\"contentUrl\":\"https:\/\/www.antaresacoplamentos.com.br\/espanol\/wp-content\/uploads\/sites\/4\/2021\/11\/logo-1.png\",\"width\":231,\"height\":48,\"caption\":\"Antares Acoplamientos\"},\"image\":{\"@id\":\"https:\/\/www.antaresacoplamentos.com.br\/espanol\/#\/schema\/logo\/image\/\"}}]}<\/script>\n<!-- \/ Yoast SEO plugin. -->","yoast_head_json":{"title":"Cat\u00e1logo de Productos - Antares Acoplamientos","description":"Descarga el cat\u00e1logo de productos de Antares Acoplamentos. Completa tus datos para descargar toda la informaci\u00f3n sobre nuestros acoplamientos.","robots":{"index":"noindex","follow":"follow","max-snippet":"max-snippet:-1","max-image-preview":"max-image-preview:large","max-video-preview":"max-video-preview:-1"},"og_locale":"es_ES","og_type":"article","og_title":"Cat\u00e1logo de Productos - Antares Acoplamientos","og_description":"Descarga el cat\u00e1logo de productos de Antares Acoplamentos. Completa tus datos para descargar toda la informaci\u00f3n sobre nuestros acoplamientos.","og_url":"https:\/\/www.antaresacoplamentos.com.br\/espanol\/catalogo-de-productos\/","og_site_name":"Antares Acoplamientos","article_modified_time":"2024-10-08T11:55:32+00:00","twitter_card":"summary_large_image","schema":{"@context":"https:\/\/schema.org","@graph":[{"@type":"WebPage","@id":"https:\/\/www.antaresacoplamentos.com.br\/espanol\/catalogo-de-productos\/","url":"https:\/\/www.antaresacoplamentos.com.br\/espanol\/catalogo-de-productos\/","name":"Cat\u00e1logo de Productos - Antares Acoplamientos","isPartOf":{"@id":"https:\/\/www.antaresacoplamentos.com.br\/espanol\/#website"},"datePublished":"2024-10-08T11:53:37+00:00","dateModified":"2024-10-08T11:55:32+00:00","description":"Descarga el cat\u00e1logo de productos de Antares Acoplamentos. Completa tus datos para descargar toda la informaci\u00f3n sobre nuestros acoplamientos.","breadcrumb":{"@id":"https:\/\/www.antaresacoplamentos.com.br\/espanol\/catalogo-de-productos\/#breadcrumb"},"inLanguage":"es","potentialAction":[{"@type":"ReadAction","target":["https:\/\/www.antaresacoplamentos.com.br\/espanol\/catalogo-de-productos\/"]}]},{"@type":"BreadcrumbList","@id":"https:\/\/www.antaresacoplamentos.com.br\/espanol\/catalogo-de-productos\/#breadcrumb","itemListElement":[{"@type":"ListItem","position":1,"name":"In\u00edcio","item":"https:\/\/www.antaresacoplamentos.com.br\/espanol\/"},{"@type":"ListItem","position":2,"name":"Cat\u00e1logo de Productos"}]},{"@type":"WebSite","@id":"https:\/\/www.antaresacoplamentos.com.br\/espanol\/#website","url":"https:\/\/www.antaresacoplamentos.com.br\/espanol\/","name":"Antares Acoplamientos","description":"","publisher":{"@id":"https:\/\/www.antaresacoplamentos.com.br\/espanol\/#organization"},"potentialAction":[{"@type":"SearchAction","target":{"@type":"EntryPoint","urlTemplate":"https:\/\/www.antaresacoplamentos.com.br\/espanol\/?s={search_term_string}"},"query-input":{"@type":"PropertyValueSpecification","valueRequired":true,"valueName":"search_term_string"}}],"inLanguage":"es"},{"@type":"Organization","@id":"https:\/\/www.antaresacoplamentos.com.br\/espanol\/#organization","name":"Antares Acoplamientos","url":"https:\/\/www.antaresacoplamentos.com.br\/espanol\/","logo":{"@type":"ImageObject","inLanguage":"es","@id":"https:\/\/www.antaresacoplamentos.com.br\/espanol\/#\/schema\/logo\/image\/","url":"https:\/\/www.antaresacoplamentos.com.br\/espanol\/wp-content\/uploads\/sites\/4\/2021\/11\/logo-1.png","contentUrl":"https:\/\/www.antaresacoplamentos.com.br\/espanol\/wp-content\/uploads\/sites\/4\/2021\/11\/logo-1.png","width":231,"height":48,"caption":"Antares Acoplamientos"},"image":{"@id":"https:\/\/www.antaresacoplamentos.com.br\/espanol\/#\/schema\/logo\/image\/"}}]}},"acf":{"bg_cover":"#333333","color_cover":"#fecd00","color_description_cover":"#cccccc","description_cover":""},"_links":{"self":[{"href":"https:\/\/www.antaresacoplamentos.com.br\/espanol\/wp-json\/wp\/v2\/pages\/6244","targetHints":{"allow":["GET"]}}],"collection":[{"href":"https:\/\/www.antaresacoplamentos.com.br\/espanol\/wp-json\/wp\/v2\/pages"}],"about":[{"href":"https:\/\/www.antaresacoplamentos.com.br\/espanol\/wp-json\/wp\/v2\/types\/page"}],"author":[{"embeddable":true,"href":"https:\/\/www.antaresacoplamentos.com.br\/espanol\/wp-json\/wp\/v2\/users\/23"}],"replies":[{"embeddable":true,"href":"https:\/\/www.antaresacoplamentos.com.br\/espanol\/wp-json\/wp\/v2\/comments?post=6244"}],"version-history":[{"count":3,"href":"https:\/\/www.antaresacoplamentos.com.br\/espanol\/wp-json\/wp\/v2\/pages\/6244\/revisions"}],"predecessor-version":[{"id":6247,"href":"https:\/\/www.antaresacoplamentos.com.br\/espanol\/wp-json\/wp\/v2\/pages\/6244\/revisions\/6247"}],"wp:attachment":[{"href":"https:\/\/www.antaresacoplamentos.com.br\/espanol\/wp-json\/wp\/v2\/media?parent=6244"}],"curies":[{"name":"wp","href":"https:\/\/api.w.org\/{rel}","templated":true}]}}