{"id":6233,"date":"2024-10-07T16:15:12","date_gmt":"2024-10-07T19:15:12","guid":{"rendered":"https:\/\/www.antaresacoplamentos.com.br\/espanol\/?page_id=6233"},"modified":"2024-10-07T17:15:41","modified_gmt":"2024-10-07T20:15:41","slug":"canal-de-etica","status":"publish","type":"page","link":"https:\/\/www.antaresacoplamentos.com.br\/espanol\/canal-de-etica\/","title":{"rendered":"Canal de \u00c9tica"},"content":{"rendered":"<p>Nuestro Canal de \u00c9tica es un espacio de Denuncias, Sugerencias y Consultas. Recuerda: tienes total anonimato si lo prefieres (ni siquiera se registrar\u00e1 la IP de tu ordenador o smartphone). Haga clic en el enlace a continuaci\u00f3n para acceder a nuestro canal, por tel\u00e9fono, sitio web, aplicaci\u00f3n o correo electr\u00f3nico.<\/p>\n<p>Participar: <a href=\"https:\/\/www.contatoseguro.com.br\/antares\">https:\/\/www.contatoseguro.com.br\/antares<\/a><\/p>\n","protected":false},"excerpt":{"rendered":"<p>Nuestro Canal de \u00c9tica es un espacio de Denuncias, Sugerencias y Consultas. Recuerda: tienes total anonimato si lo prefieres (ni siquiera se [&hellip;]<\/p>\n","protected":false},"author":23,"featured_media":0,"parent":0,"menu_order":0,"comment_status":"closed","ping_status":"closed","template":"","meta":{"footnotes":""},"class_list":["post-6233","page","type-page","status-publish","hentry"],"yoast_head":"<!-- This site is optimized with the Yoast SEO plugin v26.8 - https:\/\/yoast.com\/product\/yoast-seo-wordpress\/ -->\n<title>Canal de \u00c9tica - Antares Acoplamientos<\/title>\n<meta name=\"description\" content=\"Nuestro Canal de \u00c9tica es un espacio de Denuncias, Sugerencias y Consultas. Tienes total anonimato si lo prefieres.\" \/>\n<meta name=\"robots\" content=\"noindex, follow, max-snippet:-1, max-image-preview:large, max-video-preview:-1\" \/>\n<meta property=\"og:locale\" content=\"es_ES\" \/>\n<meta property=\"og:type\" content=\"article\" \/>\n<meta property=\"og:title\" content=\"Canal de \u00c9tica - Antares Acoplamientos\" \/>\n<meta property=\"og:description\" content=\"Nuestro Canal de \u00c9tica es un espacio de Denuncias, Sugerencias y Consultas. Tienes total anonimato si lo prefieres.\" \/>\n<meta property=\"og:url\" content=\"https:\/\/www.antaresacoplamentos.com.br\/espanol\/canal-de-etica\/\" \/>\n<meta property=\"og:site_name\" content=\"Antares Acoplamientos\" \/>\n<meta property=\"article:modified_time\" content=\"2024-10-07T20:15:41+00:00\" \/>\n<meta name=\"twitter:card\" content=\"summary_large_image\" \/>\n<meta name=\"twitter:label1\" content=\"Tiempo de lectura\" \/>\n\t<meta name=\"twitter:data1\" content=\"1 minuto\" \/>\n<script type=\"application\/ld+json\" class=\"yoast-schema-graph\">{\"@context\":\"https:\/\/schema.org\",\"@graph\":[{\"@type\":\"WebPage\",\"@id\":\"https:\/\/www.antaresacoplamentos.com.br\/espanol\/canal-de-etica\/\",\"url\":\"https:\/\/www.antaresacoplamentos.com.br\/espanol\/canal-de-etica\/\",\"name\":\"Canal de \u00c9tica - Antares Acoplamientos\",\"isPartOf\":{\"@id\":\"https:\/\/www.antaresacoplamentos.com.br\/espanol\/#website\"},\"datePublished\":\"2024-10-07T19:15:12+00:00\",\"dateModified\":\"2024-10-07T20:15:41+00:00\",\"description\":\"Nuestro Canal de \u00c9tica es un espacio de Denuncias, Sugerencias y Consultas. Tienes total anonimato si lo prefieres.\",\"breadcrumb\":{\"@id\":\"https:\/\/www.antaresacoplamentos.com.br\/espanol\/canal-de-etica\/#breadcrumb\"},\"inLanguage\":\"es\",\"potentialAction\":[{\"@type\":\"ReadAction\",\"target\":[\"https:\/\/www.antaresacoplamentos.com.br\/espanol\/canal-de-etica\/\"]}]},{\"@type\":\"BreadcrumbList\",\"@id\":\"https:\/\/www.antaresacoplamentos.com.br\/espanol\/canal-de-etica\/#breadcrumb\",\"itemListElement\":[{\"@type\":\"ListItem\",\"position\":1,\"name\":\"In\u00edcio\",\"item\":\"https:\/\/www.antaresacoplamentos.com.br\/espanol\/\"},{\"@type\":\"ListItem\",\"position\":2,\"name\":\"Canal de \u00c9tica\"}]},{\"@type\":\"WebSite\",\"@id\":\"https:\/\/www.antaresacoplamentos.com.br\/espanol\/#website\",\"url\":\"https:\/\/www.antaresacoplamentos.com.br\/espanol\/\",\"name\":\"Antares Acoplamientos\",\"description\":\"\",\"publisher\":{\"@id\":\"https:\/\/www.antaresacoplamentos.com.br\/espanol\/#organization\"},\"potentialAction\":[{\"@type\":\"SearchAction\",\"target\":{\"@type\":\"EntryPoint\",\"urlTemplate\":\"https:\/\/www.antaresacoplamentos.com.br\/espanol\/?s={search_term_string}\"},\"query-input\":{\"@type\":\"PropertyValueSpecification\",\"valueRequired\":true,\"valueName\":\"search_term_string\"}}],\"inLanguage\":\"es\"},{\"@type\":\"Organization\",\"@id\":\"https:\/\/www.antaresacoplamentos.com.br\/espanol\/#organization\",\"name\":\"Antares Acoplamientos\",\"url\":\"https:\/\/www.antaresacoplamentos.com.br\/espanol\/\",\"logo\":{\"@type\":\"ImageObject\",\"inLanguage\":\"es\",\"@id\":\"https:\/\/www.antaresacoplamentos.com.br\/espanol\/#\/schema\/logo\/image\/\",\"url\":\"https:\/\/www.antaresacoplamentos.com.br\/espanol\/wp-content\/uploads\/sites\/4\/2021\/11\/logo-1.png\",\"contentUrl\":\"https:\/\/www.antaresacoplamentos.com.br\/espanol\/wp-content\/uploads\/sites\/4\/2021\/11\/logo-1.png\",\"width\":231,\"height\":48,\"caption\":\"Antares Acoplamientos\"},\"image\":{\"@id\":\"https:\/\/www.antaresacoplamentos.com.br\/espanol\/#\/schema\/logo\/image\/\"}}]}<\/script>\n<!-- \/ Yoast SEO plugin. -->","yoast_head_json":{"title":"Canal de \u00c9tica - Antares Acoplamientos","description":"Nuestro Canal de \u00c9tica es un espacio de Denuncias, Sugerencias y Consultas. Tienes total anonimato si lo prefieres.","robots":{"index":"noindex","follow":"follow","max-snippet":"max-snippet:-1","max-image-preview":"max-image-preview:large","max-video-preview":"max-video-preview:-1"},"og_locale":"es_ES","og_type":"article","og_title":"Canal de \u00c9tica - Antares Acoplamientos","og_description":"Nuestro Canal de \u00c9tica es un espacio de Denuncias, Sugerencias y Consultas. Tienes total anonimato si lo prefieres.","og_url":"https:\/\/www.antaresacoplamentos.com.br\/espanol\/canal-de-etica\/","og_site_name":"Antares Acoplamientos","article_modified_time":"2024-10-07T20:15:41+00:00","twitter_card":"summary_large_image","twitter_misc":{"Tiempo de lectura":"1 minuto"},"schema":{"@context":"https:\/\/schema.org","@graph":[{"@type":"WebPage","@id":"https:\/\/www.antaresacoplamentos.com.br\/espanol\/canal-de-etica\/","url":"https:\/\/www.antaresacoplamentos.com.br\/espanol\/canal-de-etica\/","name":"Canal de \u00c9tica - Antares Acoplamientos","isPartOf":{"@id":"https:\/\/www.antaresacoplamentos.com.br\/espanol\/#website"},"datePublished":"2024-10-07T19:15:12+00:00","dateModified":"2024-10-07T20:15:41+00:00","description":"Nuestro Canal de \u00c9tica es un espacio de Denuncias, Sugerencias y Consultas. Tienes total anonimato si lo prefieres.","breadcrumb":{"@id":"https:\/\/www.antaresacoplamentos.com.br\/espanol\/canal-de-etica\/#breadcrumb"},"inLanguage":"es","potentialAction":[{"@type":"ReadAction","target":["https:\/\/www.antaresacoplamentos.com.br\/espanol\/canal-de-etica\/"]}]},{"@type":"BreadcrumbList","@id":"https:\/\/www.antaresacoplamentos.com.br\/espanol\/canal-de-etica\/#breadcrumb","itemListElement":[{"@type":"ListItem","position":1,"name":"In\u00edcio","item":"https:\/\/www.antaresacoplamentos.com.br\/espanol\/"},{"@type":"ListItem","position":2,"name":"Canal de \u00c9tica"}]},{"@type":"WebSite","@id":"https:\/\/www.antaresacoplamentos.com.br\/espanol\/#website","url":"https:\/\/www.antaresacoplamentos.com.br\/espanol\/","name":"Antares Acoplamientos","description":"","publisher":{"@id":"https:\/\/www.antaresacoplamentos.com.br\/espanol\/#organization"},"potentialAction":[{"@type":"SearchAction","target":{"@type":"EntryPoint","urlTemplate":"https:\/\/www.antaresacoplamentos.com.br\/espanol\/?s={search_term_string}"},"query-input":{"@type":"PropertyValueSpecification","valueRequired":true,"valueName":"search_term_string"}}],"inLanguage":"es"},{"@type":"Organization","@id":"https:\/\/www.antaresacoplamentos.com.br\/espanol\/#organization","name":"Antares Acoplamientos","url":"https:\/\/www.antaresacoplamentos.com.br\/espanol\/","logo":{"@type":"ImageObject","inLanguage":"es","@id":"https:\/\/www.antaresacoplamentos.com.br\/espanol\/#\/schema\/logo\/image\/","url":"https:\/\/www.antaresacoplamentos.com.br\/espanol\/wp-content\/uploads\/sites\/4\/2021\/11\/logo-1.png","contentUrl":"https:\/\/www.antaresacoplamentos.com.br\/espanol\/wp-content\/uploads\/sites\/4\/2021\/11\/logo-1.png","width":231,"height":48,"caption":"Antares Acoplamientos"},"image":{"@id":"https:\/\/www.antaresacoplamentos.com.br\/espanol\/#\/schema\/logo\/image\/"}}]}},"acf":{"bg_cover":"#333333","color_cover":"#fecd00","color_description_cover":"#cccccc","description_cover":""},"_links":{"self":[{"href":"https:\/\/www.antaresacoplamentos.com.br\/espanol\/wp-json\/wp\/v2\/pages\/6233","targetHints":{"allow":["GET"]}}],"collection":[{"href":"https:\/\/www.antaresacoplamentos.com.br\/espanol\/wp-json\/wp\/v2\/pages"}],"about":[{"href":"https:\/\/www.antaresacoplamentos.com.br\/espanol\/wp-json\/wp\/v2\/types\/page"}],"author":[{"embeddable":true,"href":"https:\/\/www.antaresacoplamentos.com.br\/espanol\/wp-json\/wp\/v2\/users\/23"}],"replies":[{"embeddable":true,"href":"https:\/\/www.antaresacoplamentos.com.br\/espanol\/wp-json\/wp\/v2\/comments?post=6233"}],"version-history":[{"count":3,"href":"https:\/\/www.antaresacoplamentos.com.br\/espanol\/wp-json\/wp\/v2\/pages\/6233\/revisions"}],"predecessor-version":[{"id":6241,"href":"https:\/\/www.antaresacoplamentos.com.br\/espanol\/wp-json\/wp\/v2\/pages\/6233\/revisions\/6241"}],"wp:attachment":[{"href":"https:\/\/www.antaresacoplamentos.com.br\/espanol\/wp-json\/wp\/v2\/media?parent=6233"}],"curies":[{"name":"wp","href":"https:\/\/api.w.org\/{rel}","templated":true}]}}