{"id":6219,"date":"2024-10-07T14:36:36","date_gmt":"2024-10-07T17:36:36","guid":{"rendered":"https:\/\/www.antaresacoplamentos.com.br\/espanol\/?page_id=6219"},"modified":"2024-10-08T08:34:20","modified_gmt":"2024-10-08T11:34:20","slug":"politica-de-privacidad","status":"publish","type":"page","link":"https:\/\/www.antaresacoplamentos.com.br\/espanol\/politica-de-privacidad\/","title":{"rendered":"Pol\u00edtica de Privacidad"},"content":{"rendered":"<h1>POL\u00cdTICA DE PRIVACIDAD<\/h1>\n<p>Este documento de Pol\u00edtica de Privacidad tiene como objetivo orientar al titular, es decir, al visitante de nuestro sitio web, sobre los datos que ser\u00e1n recopilados cuando acepta nuestras Pol\u00edticas de Privacidad.<\/p>\n<p>La aceptaci\u00f3n de esta Pol\u00edtica se realizar\u00e1 cuando acceda a nuestros productos y acepte afirmativamente el uso de sus Datos Personales para cada uno de los fines que describiremos a continuaci\u00f3n. Si no est\u00e1s de acuerdo con esta Pol\u00edtica, te aconsejamos que nos lo comuniques a trav\u00e9s de nuestros canales de contacto, para que podamos eliminar tus datos de nuestro banco.<\/p>\n<h2>Ley General de Protecci\u00f3n de Datos &#8211; Brasil<\/h2>\n<p>Creada en Brasil en 2018 y vigente desde agosto de 2020, la Ley General de Protecci\u00f3n de Datos (LGPD) tiene como objetivo proteger todos y cada uno de los datos que un interesado pone a disposici\u00f3n de una empresa, ya sea en l\u00ednea o fuera de l\u00ednea. La Ley fue creada para proteger al titular de su informaci\u00f3n y para que no reciba contenidos para los cuales no autoriz\u00f3 el uso de sus datos, por ejemplo.<\/p>\n<p>Con la LGPD como base, nuestra empresa tiene como objetivo proteger toda la informaci\u00f3n proporcionada a trav\u00e9s de nuestros canales de comunicaci\u00f3n. Por lo tanto, sus datos no se transmiten ni se venden. Y, sobre todo, si ya no deseas recibir notificaciones de nuestra empresa, eliminaremos autom\u00e1ticamente tus datos de nuestro banco.<\/p>\n<h2>Pol\u00edtica de Privacidad: La LGPD prev\u00e9 el cumplimiento de la informaci\u00f3n que se describe a continuaci\u00f3n:<\/h2>\n<h5>1) Consentimiento:<\/h5>\n<p>A nivel legal demuestra que el titular acepta inequ\u00edvocamente el tratamiento de sus datos personales con el fin de recibir informaci\u00f3n sobre nuestra empresa, as\u00ed como actualizaciones de blogs, email marketing, promociones, llamadas.<\/p>\n<h5>2) Inter\u00e9s Leg\u00edtimo:<\/h5>\n<p>La base jur\u00eddica del inter\u00e9s leg\u00edtimo es una de las m\u00e1s flexibles, permitiendo as\u00ed el uso de la informaci\u00f3n sin requerir el consentimiento del titular. Sin embargo, evaluaremos si necesitamos sus datos para el fin adecuado.<\/p>\n<h5>3) Ejecuci\u00f3n de Pol\u00edticas P\u00fablicas:<\/h5>\n<p>En este momento, s\u00f3lo los organismos p\u00fablicos pueden utilizarlo y la ley no prev\u00e9 la autorizaci\u00f3n para empresas privadas.<\/p>\n<h5>4) Ejecuci\u00f3n de Contratos:<\/h5>\n<p>En este caso, los datos se pueden utilizar en dos ocasiones. Primero: validar alg\u00fan contrato. Segundo: para que alguna acci\u00f3n, prevista en el contrato, sea cumplida por ambas partes, por ejemplo.<\/p>\n<h5>5)\u00a0 Estudios e Investigaciones:<\/h5>\n<p>Esta base tiene como objetivo garantizar la anonimizaci\u00f3n de los datos personales mediante herramientas de cifrado u otros mecanismos.<\/p>\n<h5>6) Protecci\u00f3n de Cr\u00e9dito:<\/h5>\n<p>La base jur\u00eddica de la protecci\u00f3n del cr\u00e9dito tiene como objetivo evitar riesgos en las transacciones, permitiendo a las empresas y comercios consultar el perfil del titular como pagador.<\/p>\n<h5>7) Protecci\u00f3n de la vida:<\/h5>\n<p>En este caso, los datos s\u00f3lo podr\u00e1n divulgarse en situaciones en las que el titular corra riesgo para su vida, como accidentes de tr\u00e1fico, en los que sus datos podr\u00e1n ser consultados para informar a amigos y familiares sobre su estado.<\/p>\n<h5>8) Protecci\u00f3n de la Salud:<\/h5>\n<p>Este caso s\u00f3lo se puede utilizar en casos que involucren a profesionales de la salud. Las farmacias y los titulares de planes de salud quedan excluidos de esta lista, s\u00f3lo por poner un ejemplo.<\/p>\n<h5>9) Proceso Judicial:<\/h5>\n<p>En los casos que impliquen acciones legales, los datos del titular podr\u00e1n recibir alg\u00fan tipo de tratamiento.<\/p>\n<h5>10) Obligaci\u00f3n Legal:<\/h5>\n<p>En este punto, los datos podr\u00e1n recibir alg\u00fan tipo de tratamiento cuando existan otras leyes que as\u00ed lo establezcan. Ejemplos son, sobre todo, empresas que necesitan los datos para cumplir con alguna que otra acci\u00f3n legal.<\/p>\n<h4>Uso de datos personales<\/h4>\n<p>Al aceptar nuestra Pol\u00edtica de Privacidad, usted acepta que podemos utilizar sus Datos proporcionados para los siguientes fines:<\/p>\n<ul>\n<li>Marketing y Campa\u00f1as: Trabajamos con empresas de Marketing, adem\u00e1s de sistemas de datos, herramientas de mailing y env\u00edo de notificaciones, con el fin de mantener una relaci\u00f3n entre usted y Antares Equipamentos.<\/li>\n<li>An\u00e1lisis de Resultados: Adem\u00e1s de los Datos proporcionados a trav\u00e9s de empresas como Google Analytics, utilizamos tus datos para saber de d\u00f3nde vienes (si fue a trav\u00e9s de otro enlace), qu\u00e9 tipo de herramienta utilizaste (celular, tablet, computadora, etc.).<\/li>\n<\/ul>\n<p>Con nuestra Pol\u00edtica de Privacidad, sus datos ser\u00e1n almacenados en nuestras bases de datos hasta cumplir con la finalidad espec\u00edfica. Y tambi\u00e9n con el fin de cumplir con los requisitos legales previstos por la LGPD. Sin embargo, puede solicitar la eliminaci\u00f3n de su informaci\u00f3n en cualquier momento.<\/p>\n<h4><strong>Uso de Cookies<\/strong><\/h4>\n<p>Nuestro sitio web tambi\u00e9n utiliza cookies, es decir, peque\u00f1os archivos, para recopilar tus datos para que en tu pr\u00f3xima visita a nuestra plataforma podamos encontrarte y brindarte una mejor experiencia.<\/p>\n<h4>Las cookies pueden ser de las siguientes formas:<\/h4>\n<h4>Cookies de sesi\u00f3n:<\/h4>\n<p>Estas son cookies temporales, que pueden ayudar en una determinada acci\u00f3n que realiza en un sitio web para completar informaci\u00f3n. Por ejemplo: cuando est\u00e1s comprando en una tienda online, el carrito almacena toda la informaci\u00f3n.<\/p>\n<h4>Cookies propias:<\/h4>\n<p>Estas cookies propias pueden estar relacionadas con la memoria a largo plazo del sitio web. Le ayudan a completar formularios en una nueva visita, adem\u00e1s de ayudar a autenticar a un usuario, lo que significa que no es necesario un nuevo inicio de sesi\u00f3n en otra visita.<\/p>\n<h4>Cookies de terceros:<\/h4>\n<p>Las cookies de terceros son aquellas que no proceden del sitio web que est\u00e1s visitando en ese momento. Es decir, provienen de otros dominios. Su objetivo es realizar un seguimiento del usuario en sus b\u00fasquedas en Internet y su comportamiento en la web, entre otra informaci\u00f3n.<\/p>\n<h4>Cookies Seguras:<\/h4>\n<p>Las cookies seguras son aquellas que funcionan \u00fanicamente mediante cifrado, es decir, s\u00f3lo funcionan en URL con HTTPS. Adem\u00e1s, tambi\u00e9n aparece un candado al lado.<\/p>\n<h4>Cookies solo HTTP:<\/h4>\n<p>Son cookies que ayudan, en primer lugar, a proteger el sitio web para que no sea invadido y atacado por piratas inform\u00e1ticos. En resumen, los lenguajes de escritura no pueden acceder a una cookie segura de todos modos.<\/p>\n<h4>Para saber: aprenda c\u00f3mo eliminar las cookies de su navegador<\/h4>\n<h5><strong>Google Chrome:<\/strong><br \/>\n1\u00ba Primero, haga clic en los tres puntos en la esquina superior derecha;<br \/>\n2. En segundo lugar, despl\u00e1cese hacia abajo en la p\u00e1gina hasta el final y haga clic en avanzado;<br \/>\n3\u00ba En tercer lugar, debajo de Privacidad y Seguridad, haga clic en la \u00faltima opci\u00f3n: Borrar datos de navegaci\u00f3n;<br \/>\n4. En la pesta\u00f1a B\u00e1sicos, seleccione solo la opci\u00f3n Cookies y otros datos del sitio web;<br \/>\n5\u00ba En intervalo de tiempo, seleccione el per\u00edodo deseado;<br \/>\n6\u00ba Pulsa en Borrar Datos para confirmar.<\/h5>\n<h5><strong>Safari:<\/strong><br \/>\n1\u00ba Primero, en la barra superior, haz clic en Safari y luego en Configuraci\u00f3n;<br \/>\n2. En segundo lugar, busque la pesta\u00f1a Privacidad;<br \/>\n3\u00ba En tercer lugar, al hacer clic en Cookies y Datos del sitio web, elija si desea continuar permitiendo el almacenamiento de cookies;<br \/>\n4\u00ba Haga clic en Administrar datos del sitio web y elija qu\u00e9 cookies desea eliminar;<br \/>\n5\u00ba Si desea eliminar todas las cookies, haga clic en Eliminar todo;<br \/>\n6. Espere a que se complete el proceso y haga clic en Aceptar.<\/h5>\n<h5><strong>Mozilla Firefox:<\/strong><br \/>\nPrimero, haga clic en el bot\u00f3n Men\u00fa en la esquina superior derecha y luego en Preferencias;<br \/>\n2\u00ba Ingrese a Privacidad y Seguridad;<br \/>\n3. Despl\u00e1cese hacia abajo hasta encontrar Datos del sitio y haga clic;<br \/>\n4\u00ba Haga clic en Configuraci\u00f3n;<br \/>\n5\u00ba Seleccione los sitios en los que desea eliminar las cookies, o si desea eliminar todo, haga clic en Eliminar todo.<\/h5>\n<h5><strong>Microsoft Edge:<\/strong><br \/>\nPrimero, en la esquina superior derecha del navegador, haga clic en Men\u00fa;<br \/>\n2\u00ba Haga clic en Configuraci\u00f3n y luego en Privacidad, B\u00fasqueda y Servicios;<br \/>\nTercero, haga clic en Borrar datos de navegaci\u00f3n y luego en Elegir qu\u00e9 borrar;<br \/>\n4. En Intervalo de tiempo, elija de qu\u00e9 per\u00edodo desea excluir;<br \/>\n5\u00ba A continuaci\u00f3n selecciona lo que deseas eliminar;<br \/>\n6\u00ba Haga clic en Limpiar ahora.<\/h5>\n","protected":false},"excerpt":{"rendered":"<p>POL\u00cdTICA DE PRIVACIDAD Este documento de Pol\u00edtica de Privacidad tiene como objetivo orientar al titular, es decir, al visitante de nuestro sitio [&hellip;]<\/p>\n","protected":false},"author":23,"featured_media":0,"parent":0,"menu_order":0,"comment_status":"closed","ping_status":"closed","template":"","meta":{"footnotes":""},"class_list":["post-6219","page","type-page","status-publish","hentry"],"yoast_head":"<!-- This site is optimized with the Yoast SEO plugin v26.8 - https:\/\/yoast.com\/product\/yoast-seo-wordpress\/ -->\n<title>Pol\u00edtica de Privacidad - Antares Acoplamientos<\/title>\n<meta name=\"description\" content=\"Informa a los visitantes de nuestro sitio web sobre los datos que se recopilar\u00e1n cuando acepten nuestra Pol\u00edtica de Privacidad.\" \/>\n<meta name=\"robots\" content=\"noindex, follow, max-snippet:-1, max-image-preview:large, max-video-preview:-1\" \/>\n<meta property=\"og:locale\" content=\"es_ES\" \/>\n<meta property=\"og:type\" content=\"article\" \/>\n<meta property=\"og:title\" content=\"Pol\u00edtica de Privacidad - Antares Acoplamientos\" \/>\n<meta property=\"og:description\" content=\"Informa a los visitantes de nuestro sitio web sobre los datos que se recopilar\u00e1n cuando acepten nuestra Pol\u00edtica de Privacidad.\" \/>\n<meta property=\"og:url\" content=\"https:\/\/www.antaresacoplamentos.com.br\/espanol\/politica-de-privacidad\/\" \/>\n<meta property=\"og:site_name\" content=\"Antares Acoplamientos\" \/>\n<meta property=\"article:modified_time\" content=\"2024-10-08T11:34:20+00:00\" \/>\n<meta name=\"twitter:card\" content=\"summary_large_image\" \/>\n<meta name=\"twitter:label1\" content=\"Tiempo de lectura\" \/>\n\t<meta name=\"twitter:data1\" content=\"8 minutos\" \/>\n<script type=\"application\/ld+json\" class=\"yoast-schema-graph\">{\"@context\":\"https:\/\/schema.org\",\"@graph\":[{\"@type\":\"WebPage\",\"@id\":\"https:\/\/www.antaresacoplamentos.com.br\/espanol\/politica-de-privacidad\/\",\"url\":\"https:\/\/www.antaresacoplamentos.com.br\/espanol\/politica-de-privacidad\/\",\"name\":\"Pol\u00edtica de Privacidad - Antares Acoplamientos\",\"isPartOf\":{\"@id\":\"https:\/\/www.antaresacoplamentos.com.br\/espanol\/#website\"},\"datePublished\":\"2024-10-07T17:36:36+00:00\",\"dateModified\":\"2024-10-08T11:34:20+00:00\",\"description\":\"Informa a los visitantes de nuestro sitio web sobre los datos que se recopilar\u00e1n cuando acepten nuestra Pol\u00edtica de Privacidad.\",\"breadcrumb\":{\"@id\":\"https:\/\/www.antaresacoplamentos.com.br\/espanol\/politica-de-privacidad\/#breadcrumb\"},\"inLanguage\":\"es\",\"potentialAction\":[{\"@type\":\"ReadAction\",\"target\":[\"https:\/\/www.antaresacoplamentos.com.br\/espanol\/politica-de-privacidad\/\"]}]},{\"@type\":\"BreadcrumbList\",\"@id\":\"https:\/\/www.antaresacoplamentos.com.br\/espanol\/politica-de-privacidad\/#breadcrumb\",\"itemListElement\":[{\"@type\":\"ListItem\",\"position\":1,\"name\":\"In\u00edcio\",\"item\":\"https:\/\/www.antaresacoplamentos.com.br\/espanol\/\"},{\"@type\":\"ListItem\",\"position\":2,\"name\":\"Pol\u00edtica de Privacidad\"}]},{\"@type\":\"WebSite\",\"@id\":\"https:\/\/www.antaresacoplamentos.com.br\/espanol\/#website\",\"url\":\"https:\/\/www.antaresacoplamentos.com.br\/espanol\/\",\"name\":\"Antares Acoplamientos\",\"description\":\"\",\"publisher\":{\"@id\":\"https:\/\/www.antaresacoplamentos.com.br\/espanol\/#organization\"},\"potentialAction\":[{\"@type\":\"SearchAction\",\"target\":{\"@type\":\"EntryPoint\",\"urlTemplate\":\"https:\/\/www.antaresacoplamentos.com.br\/espanol\/?s={search_term_string}\"},\"query-input\":{\"@type\":\"PropertyValueSpecification\",\"valueRequired\":true,\"valueName\":\"search_term_string\"}}],\"inLanguage\":\"es\"},{\"@type\":\"Organization\",\"@id\":\"https:\/\/www.antaresacoplamentos.com.br\/espanol\/#organization\",\"name\":\"Antares Acoplamientos\",\"url\":\"https:\/\/www.antaresacoplamentos.com.br\/espanol\/\",\"logo\":{\"@type\":\"ImageObject\",\"inLanguage\":\"es\",\"@id\":\"https:\/\/www.antaresacoplamentos.com.br\/espanol\/#\/schema\/logo\/image\/\",\"url\":\"https:\/\/www.antaresacoplamentos.com.br\/espanol\/wp-content\/uploads\/sites\/4\/2021\/11\/logo-1.png\",\"contentUrl\":\"https:\/\/www.antaresacoplamentos.com.br\/espanol\/wp-content\/uploads\/sites\/4\/2021\/11\/logo-1.png\",\"width\":231,\"height\":48,\"caption\":\"Antares Acoplamientos\"},\"image\":{\"@id\":\"https:\/\/www.antaresacoplamentos.com.br\/espanol\/#\/schema\/logo\/image\/\"}}]}<\/script>\n<!-- \/ Yoast SEO plugin. -->","yoast_head_json":{"title":"Pol\u00edtica de Privacidad - Antares Acoplamientos","description":"Informa a los visitantes de nuestro sitio web sobre los datos que se recopilar\u00e1n cuando acepten nuestra Pol\u00edtica de Privacidad.","robots":{"index":"noindex","follow":"follow","max-snippet":"max-snippet:-1","max-image-preview":"max-image-preview:large","max-video-preview":"max-video-preview:-1"},"og_locale":"es_ES","og_type":"article","og_title":"Pol\u00edtica de Privacidad - Antares Acoplamientos","og_description":"Informa a los visitantes de nuestro sitio web sobre los datos que se recopilar\u00e1n cuando acepten nuestra Pol\u00edtica de Privacidad.","og_url":"https:\/\/www.antaresacoplamentos.com.br\/espanol\/politica-de-privacidad\/","og_site_name":"Antares Acoplamientos","article_modified_time":"2024-10-08T11:34:20+00:00","twitter_card":"summary_large_image","twitter_misc":{"Tiempo de lectura":"8 minutos"},"schema":{"@context":"https:\/\/schema.org","@graph":[{"@type":"WebPage","@id":"https:\/\/www.antaresacoplamentos.com.br\/espanol\/politica-de-privacidad\/","url":"https:\/\/www.antaresacoplamentos.com.br\/espanol\/politica-de-privacidad\/","name":"Pol\u00edtica de Privacidad - Antares Acoplamientos","isPartOf":{"@id":"https:\/\/www.antaresacoplamentos.com.br\/espanol\/#website"},"datePublished":"2024-10-07T17:36:36+00:00","dateModified":"2024-10-08T11:34:20+00:00","description":"Informa a los visitantes de nuestro sitio web sobre los datos que se recopilar\u00e1n cuando acepten nuestra Pol\u00edtica de Privacidad.","breadcrumb":{"@id":"https:\/\/www.antaresacoplamentos.com.br\/espanol\/politica-de-privacidad\/#breadcrumb"},"inLanguage":"es","potentialAction":[{"@type":"ReadAction","target":["https:\/\/www.antaresacoplamentos.com.br\/espanol\/politica-de-privacidad\/"]}]},{"@type":"BreadcrumbList","@id":"https:\/\/www.antaresacoplamentos.com.br\/espanol\/politica-de-privacidad\/#breadcrumb","itemListElement":[{"@type":"ListItem","position":1,"name":"In\u00edcio","item":"https:\/\/www.antaresacoplamentos.com.br\/espanol\/"},{"@type":"ListItem","position":2,"name":"Pol\u00edtica de Privacidad"}]},{"@type":"WebSite","@id":"https:\/\/www.antaresacoplamentos.com.br\/espanol\/#website","url":"https:\/\/www.antaresacoplamentos.com.br\/espanol\/","name":"Antares Acoplamientos","description":"","publisher":{"@id":"https:\/\/www.antaresacoplamentos.com.br\/espanol\/#organization"},"potentialAction":[{"@type":"SearchAction","target":{"@type":"EntryPoint","urlTemplate":"https:\/\/www.antaresacoplamentos.com.br\/espanol\/?s={search_term_string}"},"query-input":{"@type":"PropertyValueSpecification","valueRequired":true,"valueName":"search_term_string"}}],"inLanguage":"es"},{"@type":"Organization","@id":"https:\/\/www.antaresacoplamentos.com.br\/espanol\/#organization","name":"Antares Acoplamientos","url":"https:\/\/www.antaresacoplamentos.com.br\/espanol\/","logo":{"@type":"ImageObject","inLanguage":"es","@id":"https:\/\/www.antaresacoplamentos.com.br\/espanol\/#\/schema\/logo\/image\/","url":"https:\/\/www.antaresacoplamentos.com.br\/espanol\/wp-content\/uploads\/sites\/4\/2021\/11\/logo-1.png","contentUrl":"https:\/\/www.antaresacoplamentos.com.br\/espanol\/wp-content\/uploads\/sites\/4\/2021\/11\/logo-1.png","width":231,"height":48,"caption":"Antares Acoplamientos"},"image":{"@id":"https:\/\/www.antaresacoplamentos.com.br\/espanol\/#\/schema\/logo\/image\/"}}]}},"acf":{"bg_cover":"#333333","color_cover":"#fecd00","color_description_cover":"#cccccc","description_cover":""},"_links":{"self":[{"href":"https:\/\/www.antaresacoplamentos.com.br\/espanol\/wp-json\/wp\/v2\/pages\/6219","targetHints":{"allow":["GET"]}}],"collection":[{"href":"https:\/\/www.antaresacoplamentos.com.br\/espanol\/wp-json\/wp\/v2\/pages"}],"about":[{"href":"https:\/\/www.antaresacoplamentos.com.br\/espanol\/wp-json\/wp\/v2\/types\/page"}],"author":[{"embeddable":true,"href":"https:\/\/www.antaresacoplamentos.com.br\/espanol\/wp-json\/wp\/v2\/users\/23"}],"replies":[{"embeddable":true,"href":"https:\/\/www.antaresacoplamentos.com.br\/espanol\/wp-json\/wp\/v2\/comments?post=6219"}],"version-history":[{"count":3,"href":"https:\/\/www.antaresacoplamentos.com.br\/espanol\/wp-json\/wp\/v2\/pages\/6219\/revisions"}],"predecessor-version":[{"id":6243,"href":"https:\/\/www.antaresacoplamentos.com.br\/espanol\/wp-json\/wp\/v2\/pages\/6219\/revisions\/6243"}],"wp:attachment":[{"href":"https:\/\/www.antaresacoplamentos.com.br\/espanol\/wp-json\/wp\/v2\/media?parent=6219"}],"curies":[{"name":"wp","href":"https:\/\/api.w.org\/{rel}","templated":true}]}}