{"id":6112,"date":"2024-08-30T16:35:12","date_gmt":"2024-08-30T19:35:12","guid":{"rendered":"https:\/\/www.antaresacoplamentos.com.br\/espanol\/?page_id=6112"},"modified":"2025-06-12T13:44:05","modified_gmt":"2025-06-12T16:44:05","slug":"empresa","status":"publish","type":"page","link":"https:\/\/www.antaresacoplamentos.com.br\/espanol\/empresa\/","title":{"rendered":"Empresa"},"content":{"rendered":"<h1>\u00a1Bienvenidos a Antares Acoplamientos!<\/h1>\n<p>&nbsp;<\/p>\n<p>Antares es uno de los fabricantes de acoplamientos m\u00e1s importantes de Brasil. Empresa pionera en la fabricaci\u00f3n de Acoplamientos Flexibles en el pa\u00eds, Antares ha diversificado su l\u00ednea y hoy ofrece la misma calidad en los modelos Gear, El\u00e1sticos y Blade.<\/p>\n<p>Los sectores m\u00e1s exigentes de la industria brasile\u00f1a prefieren la marca Antares, incluyendo az\u00facar y alcohol, maquinaria y equipos, miner\u00eda, siderurgia, celulosa y papel y petr\u00f3leo, demostrando su calidad y el respeto a los m\u00e1s s\u00f3lidos principios de la empresa.<\/p>\n<p>Hoy, Antares est\u00e1 presente en toda Am\u00e9rica Latina y en varios otros pa\u00edses.<\/p>\n","protected":false},"excerpt":{"rendered":"<p>\u00a1Bienvenidos a Antares Acoplamientos! &nbsp; Antares es uno de los fabricantes de acoplamientos m\u00e1s importantes de Brasil. Empresa pionera en la fabricaci\u00f3n [&hellip;]<\/p>\n","protected":false},"author":2,"featured_media":0,"parent":0,"menu_order":0,"comment_status":"closed","ping_status":"closed","template":"page-empresa.php","meta":{"footnotes":""},"class_list":["post-6112","page","type-page","status-publish","hentry"],"yoast_head":"<!-- This site is optimized with the Yoast SEO plugin v26.8 - https:\/\/yoast.com\/product\/yoast-seo-wordpress\/ -->\n<title>Empresa - Antares Acoplamientos<\/title>\n<meta name=\"description\" content=\"Una de los fabricantes de acoplamientos m\u00e1s importantes de Brasil. Empresa pionera en la fabricaci\u00f3n de Acoplamientos Flexibles en el pa\u00eds.\" \/>\n<meta name=\"robots\" content=\"noindex, follow, max-snippet:-1, max-image-preview:large, max-video-preview:-1\" \/>\n<meta property=\"og:locale\" content=\"es_ES\" \/>\n<meta property=\"og:type\" content=\"article\" \/>\n<meta property=\"og:title\" content=\"Empresa - Antares Acoplamientos\" \/>\n<meta property=\"og:description\" content=\"Una de los fabricantes de acoplamientos m\u00e1s importantes de Brasil. Empresa pionera en la fabricaci\u00f3n de Acoplamientos Flexibles en el pa\u00eds.\" \/>\n<meta property=\"og:url\" content=\"https:\/\/www.antaresacoplamentos.com.br\/espanol\/empresa\/\" \/>\n<meta property=\"og:site_name\" content=\"Antares Acoplamientos\" \/>\n<meta property=\"article:modified_time\" content=\"2025-06-12T16:44:05+00:00\" \/>\n<meta name=\"twitter:card\" content=\"summary_large_image\" \/>\n<meta name=\"twitter:label1\" content=\"Tiempo de lectura\" \/>\n\t<meta name=\"twitter:data1\" content=\"1 minuto\" \/>\n<script type=\"application\/ld+json\" class=\"yoast-schema-graph\">{\"@context\":\"https:\/\/schema.org\",\"@graph\":[{\"@type\":\"WebPage\",\"@id\":\"https:\/\/www.antaresacoplamentos.com.br\/espanol\/empresa\/\",\"url\":\"https:\/\/www.antaresacoplamentos.com.br\/espanol\/empresa\/\",\"name\":\"Empresa - Antares Acoplamientos\",\"isPartOf\":{\"@id\":\"https:\/\/www.antaresacoplamentos.com.br\/espanol\/#website\"},\"datePublished\":\"2024-08-30T19:35:12+00:00\",\"dateModified\":\"2025-06-12T16:44:05+00:00\",\"description\":\"Una de los fabricantes de acoplamientos m\u00e1s importantes de Brasil. Empresa pionera en la fabricaci\u00f3n de Acoplamientos Flexibles en el pa\u00eds.\",\"breadcrumb\":{\"@id\":\"https:\/\/www.antaresacoplamentos.com.br\/espanol\/empresa\/#breadcrumb\"},\"inLanguage\":\"es\",\"potentialAction\":[{\"@type\":\"ReadAction\",\"target\":[\"https:\/\/www.antaresacoplamentos.com.br\/espanol\/empresa\/\"]}]},{\"@type\":\"BreadcrumbList\",\"@id\":\"https:\/\/www.antaresacoplamentos.com.br\/espanol\/empresa\/#breadcrumb\",\"itemListElement\":[{\"@type\":\"ListItem\",\"position\":1,\"name\":\"In\u00edcio\",\"item\":\"https:\/\/www.antaresacoplamentos.com.br\/espanol\/\"},{\"@type\":\"ListItem\",\"position\":2,\"name\":\"Empresa\"}]},{\"@type\":\"WebSite\",\"@id\":\"https:\/\/www.antaresacoplamentos.com.br\/espanol\/#website\",\"url\":\"https:\/\/www.antaresacoplamentos.com.br\/espanol\/\",\"name\":\"Antares Acoplamientos\",\"description\":\"\",\"publisher\":{\"@id\":\"https:\/\/www.antaresacoplamentos.com.br\/espanol\/#organization\"},\"potentialAction\":[{\"@type\":\"SearchAction\",\"target\":{\"@type\":\"EntryPoint\",\"urlTemplate\":\"https:\/\/www.antaresacoplamentos.com.br\/espanol\/?s={search_term_string}\"},\"query-input\":{\"@type\":\"PropertyValueSpecification\",\"valueRequired\":true,\"valueName\":\"search_term_string\"}}],\"inLanguage\":\"es\"},{\"@type\":\"Organization\",\"@id\":\"https:\/\/www.antaresacoplamentos.com.br\/espanol\/#organization\",\"name\":\"Antares Acoplamientos\",\"url\":\"https:\/\/www.antaresacoplamentos.com.br\/espanol\/\",\"logo\":{\"@type\":\"ImageObject\",\"inLanguage\":\"es\",\"@id\":\"https:\/\/www.antaresacoplamentos.com.br\/espanol\/#\/schema\/logo\/image\/\",\"url\":\"https:\/\/www.antaresacoplamentos.com.br\/espanol\/wp-content\/uploads\/sites\/4\/2021\/11\/logo-1.png\",\"contentUrl\":\"https:\/\/www.antaresacoplamentos.com.br\/espanol\/wp-content\/uploads\/sites\/4\/2021\/11\/logo-1.png\",\"width\":231,\"height\":48,\"caption\":\"Antares Acoplamientos\"},\"image\":{\"@id\":\"https:\/\/www.antaresacoplamentos.com.br\/espanol\/#\/schema\/logo\/image\/\"}}]}<\/script>\n<!-- \/ Yoast SEO plugin. -->","yoast_head_json":{"title":"Empresa - Antares Acoplamientos","description":"Una de los fabricantes de acoplamientos m\u00e1s importantes de Brasil. Empresa pionera en la fabricaci\u00f3n de Acoplamientos Flexibles en el pa\u00eds.","robots":{"index":"noindex","follow":"follow","max-snippet":"max-snippet:-1","max-image-preview":"max-image-preview:large","max-video-preview":"max-video-preview:-1"},"og_locale":"es_ES","og_type":"article","og_title":"Empresa - Antares Acoplamientos","og_description":"Una de los fabricantes de acoplamientos m\u00e1s importantes de Brasil. Empresa pionera en la fabricaci\u00f3n de Acoplamientos Flexibles en el pa\u00eds.","og_url":"https:\/\/www.antaresacoplamentos.com.br\/espanol\/empresa\/","og_site_name":"Antares Acoplamientos","article_modified_time":"2025-06-12T16:44:05+00:00","twitter_card":"summary_large_image","twitter_misc":{"Tiempo de lectura":"1 minuto"},"schema":{"@context":"https:\/\/schema.org","@graph":[{"@type":"WebPage","@id":"https:\/\/www.antaresacoplamentos.com.br\/espanol\/empresa\/","url":"https:\/\/www.antaresacoplamentos.com.br\/espanol\/empresa\/","name":"Empresa - Antares Acoplamientos","isPartOf":{"@id":"https:\/\/www.antaresacoplamentos.com.br\/espanol\/#website"},"datePublished":"2024-08-30T19:35:12+00:00","dateModified":"2025-06-12T16:44:05+00:00","description":"Una de los fabricantes de acoplamientos m\u00e1s importantes de Brasil. Empresa pionera en la fabricaci\u00f3n de Acoplamientos Flexibles en el pa\u00eds.","breadcrumb":{"@id":"https:\/\/www.antaresacoplamentos.com.br\/espanol\/empresa\/#breadcrumb"},"inLanguage":"es","potentialAction":[{"@type":"ReadAction","target":["https:\/\/www.antaresacoplamentos.com.br\/espanol\/empresa\/"]}]},{"@type":"BreadcrumbList","@id":"https:\/\/www.antaresacoplamentos.com.br\/espanol\/empresa\/#breadcrumb","itemListElement":[{"@type":"ListItem","position":1,"name":"In\u00edcio","item":"https:\/\/www.antaresacoplamentos.com.br\/espanol\/"},{"@type":"ListItem","position":2,"name":"Empresa"}]},{"@type":"WebSite","@id":"https:\/\/www.antaresacoplamentos.com.br\/espanol\/#website","url":"https:\/\/www.antaresacoplamentos.com.br\/espanol\/","name":"Antares Acoplamientos","description":"","publisher":{"@id":"https:\/\/www.antaresacoplamentos.com.br\/espanol\/#organization"},"potentialAction":[{"@type":"SearchAction","target":{"@type":"EntryPoint","urlTemplate":"https:\/\/www.antaresacoplamentos.com.br\/espanol\/?s={search_term_string}"},"query-input":{"@type":"PropertyValueSpecification","valueRequired":true,"valueName":"search_term_string"}}],"inLanguage":"es"},{"@type":"Organization","@id":"https:\/\/www.antaresacoplamentos.com.br\/espanol\/#organization","name":"Antares Acoplamientos","url":"https:\/\/www.antaresacoplamentos.com.br\/espanol\/","logo":{"@type":"ImageObject","inLanguage":"es","@id":"https:\/\/www.antaresacoplamentos.com.br\/espanol\/#\/schema\/logo\/image\/","url":"https:\/\/www.antaresacoplamentos.com.br\/espanol\/wp-content\/uploads\/sites\/4\/2021\/11\/logo-1.png","contentUrl":"https:\/\/www.antaresacoplamentos.com.br\/espanol\/wp-content\/uploads\/sites\/4\/2021\/11\/logo-1.png","width":231,"height":48,"caption":"Antares Acoplamientos"},"image":{"@id":"https:\/\/www.antaresacoplamentos.com.br\/espanol\/#\/schema\/logo\/image\/"}}]}},"acf":{"bg_cover":"","color_cover":"","color_description_cover":"","description_cover":"","imagem":"https:\/\/www.antaresacoplamentos.com.br\/espanol\/wp-content\/uploads\/sites\/4\/2024\/10\/DSC_8793-2-1.jpg","tit_emp":"\u00a1Bienvenidos a Antares Acoplamientos!","desc_emp":"<p>Antares es una de las fabricantes de acoplamientos m\u00e1s importantes de Brasil. Empresa pionera en la fabricaci\u00f3n de Acoplamientos Flexibles en el pa\u00eds, Antares ha diversificado su l\u00ednea y hoy ofrece la misma calidad en los modelos Engranajes, El\u00e1sticos y L\u00e1minas.<\/p>\n<p>Los sectores m\u00e1s exigentes de la industria prefieren la marca Antares, incluyendo az\u00facar y alcohol, maquinaria y equipos, miner\u00eda, acero, papel y celulosa y petr\u00f3leo, demostrando que la calidad y el respeto por los principios m\u00e1s s\u00f3lidos de la empresa, las relaciones respetables y los beneficios mutuos construyen verdaderas alianzas.<\/p>\n","pol_tit_emp":"POL\u00cdTICA DA QUALIDADE","pol_desc_emp":"\u201cMantener el est\u00e1ndar de calidad de sus productos, desarrollar nuevas soluciones y mejorar continuamente los procesos y tecnolog\u00edas aplicadas con el fin de satisfacer a los Clientes y Usuarios.\u201d","ql_tit_emp":"CALIDAD PROBADA","ql_desc_emp":"<p>Antares busca constantemente mejorar la calidad de sus productos.<\/p>\n<p>Con el apoyo de investigadores de la Unicamp y con especializaci\u00f3n en ingenier\u00eda en Aquisgr\u00e1n, Alemania, Antares avanza cada vez m\u00e1s en el desempe\u00f1o, seguridad y confiabilidad de sus productos.<\/p>\n<p>La investigaci\u00f3n y el desarrollo tambi\u00e9n son fundamentales para ofrecer nuevas soluciones a los usuarios, cada vez m\u00e1s adaptadas a sus necesidades.<\/p>\n","cert_tit_emp":"CERTIFICACI\u00d3N ISO 9001","cert_desc_emp":"Desde 2004, todos los procesos de Antares est\u00e1n certificados seg\u00fan la norma ISO 9001, lo que garantiza un alto est\u00e1ndar de calidad tanto en la gesti\u00f3n como en el servicio al cliente.","texto_botao_cert":"DESCARGAR EL CERTIFICADO","link_botao_cert":"https:\/\/www.antaresacoplamentos.com.br\/wp-content\/uploads\/2024\/09\/FM-802458-001-10-09-2024.pdf"},"_links":{"self":[{"href":"https:\/\/www.antaresacoplamentos.com.br\/espanol\/wp-json\/wp\/v2\/pages\/6112","targetHints":{"allow":["GET"]}}],"collection":[{"href":"https:\/\/www.antaresacoplamentos.com.br\/espanol\/wp-json\/wp\/v2\/pages"}],"about":[{"href":"https:\/\/www.antaresacoplamentos.com.br\/espanol\/wp-json\/wp\/v2\/types\/page"}],"author":[{"embeddable":true,"href":"https:\/\/www.antaresacoplamentos.com.br\/espanol\/wp-json\/wp\/v2\/users\/2"}],"replies":[{"embeddable":true,"href":"https:\/\/www.antaresacoplamentos.com.br\/espanol\/wp-json\/wp\/v2\/comments?post=6112"}],"version-history":[{"count":9,"href":"https:\/\/www.antaresacoplamentos.com.br\/espanol\/wp-json\/wp\/v2\/pages\/6112\/revisions"}],"predecessor-version":[{"id":6430,"href":"https:\/\/www.antaresacoplamentos.com.br\/espanol\/wp-json\/wp\/v2\/pages\/6112\/revisions\/6430"}],"wp:attachment":[{"href":"https:\/\/www.antaresacoplamentos.com.br\/espanol\/wp-json\/wp\/v2\/media?parent=6112"}],"curies":[{"name":"wp","href":"https:\/\/api.w.org\/{rel}","templated":true}]}}