{"id":14,"date":"2020-02-20T16:32:34","date_gmt":"2020-02-20T19:32:34","guid":{"rendered":"http:\/\/www.antaresacoplamentos.com.br\/?page_id=5"},"modified":"2026-03-05T14:05:35","modified_gmt":"2026-03-05T17:05:35","slug":"home","status":"publish","type":"page","link":"https:\/\/www.antaresacoplamentos.com.br\/espanol\/","title":{"rendered":"Home"},"content":{"rendered":"","protected":false},"excerpt":{"rendered":"","protected":false},"author":1,"featured_media":0,"parent":0,"menu_order":0,"comment_status":"closed","ping_status":"closed","template":"","meta":{"footnotes":""},"class_list":["post-14","page","type-page","status-publish","hentry"],"yoast_head":"<!-- This site is optimized with the Yoast SEO plugin v26.8 - https:\/\/yoast.com\/product\/yoast-seo-wordpress\/ -->\n<title>Los mejores acoplamientos con calidad y rendimiento | Antares<\/title>\n<meta name=\"description\" content=\"Fabricamos los mejores acoplamientos para aplicaciones industriales del mercado. \u00a1Consulta nuestra variedad de acoplamientos de alta calidad!\" \/>\n<meta name=\"robots\" content=\"noindex, follow, max-snippet:-1, max-image-preview:large, max-video-preview:-1\" \/>\n<meta property=\"og:locale\" content=\"es_ES\" \/>\n<meta property=\"og:type\" content=\"article\" \/>\n<meta property=\"og:title\" content=\"Los mejores acoplamientos con calidad y rendimiento | Antares\" \/>\n<meta property=\"og:description\" content=\"Fabricamos los mejores acoplamientos para aplicaciones industriales del mercado. \u00a1Consulta nuestra variedad de acoplamientos de alta calidad!\" \/>\n<meta property=\"og:url\" content=\"https:\/\/www.antaresacoplamentos.com.br\/espanol\/\" \/>\n<meta property=\"og:site_name\" content=\"Antares Acoplamientos\" \/>\n<meta property=\"article:modified_time\" content=\"2026-03-05T17:05:35+00:00\" \/>\n<meta name=\"twitter:card\" content=\"summary_large_image\" \/>\n<script type=\"application\/ld+json\" class=\"yoast-schema-graph\">{\"@context\":\"https:\/\/schema.org\",\"@graph\":[{\"@type\":\"WebPage\",\"@id\":\"https:\/\/www.antaresacoplamentos.com.br\/espanol\/\",\"url\":\"https:\/\/www.antaresacoplamentos.com.br\/espanol\/\",\"name\":\"Los mejores acoplamientos con calidad y rendimiento | Antares\",\"isPartOf\":{\"@id\":\"https:\/\/www.antaresacoplamentos.com.br\/espanol\/#website\"},\"datePublished\":\"2020-02-20T19:32:34+00:00\",\"dateModified\":\"2026-03-05T17:05:35+00:00\",\"description\":\"Fabricamos los mejores acoplamientos para aplicaciones industriales del mercado. \u00a1Consulta nuestra variedad de acoplamientos de alta calidad!\",\"breadcrumb\":{\"@id\":\"https:\/\/www.antaresacoplamentos.com.br\/espanol\/#breadcrumb\"},\"inLanguage\":\"es\",\"potentialAction\":[{\"@type\":\"ReadAction\",\"target\":[\"https:\/\/www.antaresacoplamentos.com.br\/espanol\/\"]}]},{\"@type\":\"BreadcrumbList\",\"@id\":\"https:\/\/www.antaresacoplamentos.com.br\/espanol\/#breadcrumb\",\"itemListElement\":[{\"@type\":\"ListItem\",\"position\":1,\"name\":\"In\u00edcio\",\"item\":\"https:\/\/www.antaresacoplamentos.com.br\/espanol\/\"},{\"@type\":\"ListItem\",\"position\":2,\"name\":\"Home\"}]},{\"@type\":\"WebSite\",\"@id\":\"https:\/\/www.antaresacoplamentos.com.br\/espanol\/#website\",\"url\":\"https:\/\/www.antaresacoplamentos.com.br\/espanol\/\",\"name\":\"Antares Acoplamientos\",\"description\":\"\",\"publisher\":{\"@id\":\"https:\/\/www.antaresacoplamentos.com.br\/espanol\/#organization\"},\"potentialAction\":[{\"@type\":\"SearchAction\",\"target\":{\"@type\":\"EntryPoint\",\"urlTemplate\":\"https:\/\/www.antaresacoplamentos.com.br\/espanol\/?s={search_term_string}\"},\"query-input\":{\"@type\":\"PropertyValueSpecification\",\"valueRequired\":true,\"valueName\":\"search_term_string\"}}],\"inLanguage\":\"es\"},{\"@type\":\"Organization\",\"@id\":\"https:\/\/www.antaresacoplamentos.com.br\/espanol\/#organization\",\"name\":\"Antares Acoplamientos\",\"url\":\"https:\/\/www.antaresacoplamentos.com.br\/espanol\/\",\"logo\":{\"@type\":\"ImageObject\",\"inLanguage\":\"es\",\"@id\":\"https:\/\/www.antaresacoplamentos.com.br\/espanol\/#\/schema\/logo\/image\/\",\"url\":\"https:\/\/www.antaresacoplamentos.com.br\/espanol\/wp-content\/uploads\/sites\/4\/2021\/11\/logo-1.png\",\"contentUrl\":\"https:\/\/www.antaresacoplamentos.com.br\/espanol\/wp-content\/uploads\/sites\/4\/2021\/11\/logo-1.png\",\"width\":231,\"height\":48,\"caption\":\"Antares Acoplamientos\"},\"image\":{\"@id\":\"https:\/\/www.antaresacoplamentos.com.br\/espanol\/#\/schema\/logo\/image\/\"}}]}<\/script>\n<!-- \/ Yoast SEO plugin. -->","yoast_head_json":{"title":"Los mejores acoplamientos con calidad y rendimiento | Antares","description":"Fabricamos los mejores acoplamientos para aplicaciones industriales del mercado. \u00a1Consulta nuestra variedad de acoplamientos de alta calidad!","robots":{"index":"noindex","follow":"follow","max-snippet":"max-snippet:-1","max-image-preview":"max-image-preview:large","max-video-preview":"max-video-preview:-1"},"og_locale":"es_ES","og_type":"article","og_title":"Los mejores acoplamientos con calidad y rendimiento | Antares","og_description":"Fabricamos los mejores acoplamientos para aplicaciones industriales del mercado. \u00a1Consulta nuestra variedad de acoplamientos de alta calidad!","og_url":"https:\/\/www.antaresacoplamentos.com.br\/espanol\/","og_site_name":"Antares Acoplamientos","article_modified_time":"2026-03-05T17:05:35+00:00","twitter_card":"summary_large_image","schema":{"@context":"https:\/\/schema.org","@graph":[{"@type":"WebPage","@id":"https:\/\/www.antaresacoplamentos.com.br\/espanol\/","url":"https:\/\/www.antaresacoplamentos.com.br\/espanol\/","name":"Los mejores acoplamientos con calidad y rendimiento | Antares","isPartOf":{"@id":"https:\/\/www.antaresacoplamentos.com.br\/espanol\/#website"},"datePublished":"2020-02-20T19:32:34+00:00","dateModified":"2026-03-05T17:05:35+00:00","description":"Fabricamos los mejores acoplamientos para aplicaciones industriales del mercado. \u00a1Consulta nuestra variedad de acoplamientos de alta calidad!","breadcrumb":{"@id":"https:\/\/www.antaresacoplamentos.com.br\/espanol\/#breadcrumb"},"inLanguage":"es","potentialAction":[{"@type":"ReadAction","target":["https:\/\/www.antaresacoplamentos.com.br\/espanol\/"]}]},{"@type":"BreadcrumbList","@id":"https:\/\/www.antaresacoplamentos.com.br\/espanol\/#breadcrumb","itemListElement":[{"@type":"ListItem","position":1,"name":"In\u00edcio","item":"https:\/\/www.antaresacoplamentos.com.br\/espanol\/"},{"@type":"ListItem","position":2,"name":"Home"}]},{"@type":"WebSite","@id":"https:\/\/www.antaresacoplamentos.com.br\/espanol\/#website","url":"https:\/\/www.antaresacoplamentos.com.br\/espanol\/","name":"Antares Acoplamientos","description":"","publisher":{"@id":"https:\/\/www.antaresacoplamentos.com.br\/espanol\/#organization"},"potentialAction":[{"@type":"SearchAction","target":{"@type":"EntryPoint","urlTemplate":"https:\/\/www.antaresacoplamentos.com.br\/espanol\/?s={search_term_string}"},"query-input":{"@type":"PropertyValueSpecification","valueRequired":true,"valueName":"search_term_string"}}],"inLanguage":"es"},{"@type":"Organization","@id":"https:\/\/www.antaresacoplamentos.com.br\/espanol\/#organization","name":"Antares Acoplamientos","url":"https:\/\/www.antaresacoplamentos.com.br\/espanol\/","logo":{"@type":"ImageObject","inLanguage":"es","@id":"https:\/\/www.antaresacoplamentos.com.br\/espanol\/#\/schema\/logo\/image\/","url":"https:\/\/www.antaresacoplamentos.com.br\/espanol\/wp-content\/uploads\/sites\/4\/2021\/11\/logo-1.png","contentUrl":"https:\/\/www.antaresacoplamentos.com.br\/espanol\/wp-content\/uploads\/sites\/4\/2021\/11\/logo-1.png","width":231,"height":48,"caption":"Antares Acoplamientos"},"image":{"@id":"https:\/\/www.antaresacoplamentos.com.br\/espanol\/#\/schema\/logo\/image\/"}}]}},"acf":{"bg_cover":"","color_cover":"","color_description_cover":"","description_cover":"","titulo_ap":"Conozca <br \/>\r\n\u00a1Acoplamientos Antares!","descricao_ap":"Calidad en los procesos de fabricaci\u00f3n y preocupaci\u00f3n por el desarrollo tecnol\u00f3gico","texto_botao_ap":"DESCUBRE LA EMPRESA","link_botao_ap":"https:\/\/www.antaresacoplamentos.com.br\/a-empresa\/","titulo_cta1":"Encuentre nuestros representantes en su regi\u00f3n.","descricao_cta1":"Localiza el representante m\u00e1s cercano a ti.","texto_botao_cta1":"BUSCAR AHORA","link_botao_cta1":"https:\/\/www.antaresacoplamentos.com.br\/distribuidores\/","titulo_cta2":"Obtenga una cotizaci\u00f3n para acoplamientos industriales","descricao_cta2":"Seleccione art\u00edculos y solicite precios","texto_botao_cta2":"SOLICITAR AHORA","link_botao_cta2":"https:\/\/www.antaresacoplamentos.com.br\/orcamento\/","slides":[{"bg_slide":"https:\/\/www.antaresacoplamentos.com.br\/espanol\/wp-content\/uploads\/sites\/4\/2024\/10\/banner-03-home.png","titulo_slide":"Consulte nuestras soluciones completas de acoplamientos","descricao_slide":"Fabricamos y entregamos los mejores acoplamientos para su equipo.","texto_botao_slide":"NUESTRAS SOLUCIONES","link_slide":"https:\/\/www.antaresacoplamentos.com.br\/espanol\/categorias\/productos-antares\/"}]},"_links":{"self":[{"href":"https:\/\/www.antaresacoplamentos.com.br\/espanol\/wp-json\/wp\/v2\/pages\/14","targetHints":{"allow":["GET"]}}],"collection":[{"href":"https:\/\/www.antaresacoplamentos.com.br\/espanol\/wp-json\/wp\/v2\/pages"}],"about":[{"href":"https:\/\/www.antaresacoplamentos.com.br\/espanol\/wp-json\/wp\/v2\/types\/page"}],"author":[{"embeddable":true,"href":"https:\/\/www.antaresacoplamentos.com.br\/espanol\/wp-json\/wp\/v2\/users\/1"}],"replies":[{"embeddable":true,"href":"https:\/\/www.antaresacoplamentos.com.br\/espanol\/wp-json\/wp\/v2\/comments?post=14"}],"version-history":[{"count":6,"href":"https:\/\/www.antaresacoplamentos.com.br\/espanol\/wp-json\/wp\/v2\/pages\/14\/revisions"}],"predecessor-version":[{"id":6432,"href":"https:\/\/www.antaresacoplamentos.com.br\/espanol\/wp-json\/wp\/v2\/pages\/14\/revisions\/6432"}],"wp:attachment":[{"href":"https:\/\/www.antaresacoplamentos.com.br\/espanol\/wp-json\/wp\/v2\/media?parent=14"}],"curies":[{"name":"wp","href":"https:\/\/api.w.org\/{rel}","templated":true}]}}